{"id":130,"date":"2025-08-15T00:31:27","date_gmt":"2025-08-15T00:31:27","guid":{"rendered":"https:\/\/chandra-kala.com\/?page_id=130"},"modified":"2026-02-10T01:35:52","modified_gmt":"2026-02-10T01:35:52","slug":"profile","status":"publish","type":"page","link":"https:\/\/chandra-kala.com\/fr\/profile\/","title":{"rendered":"Profil"},"content":{"rendered":"<p><\/p>\n<h1><span style=\"color: #993300;\"><strong>Profil<\/strong><\/span><\/h1>\n<p><strong>CHANDRAKALA<\/strong><\/p>\n<p>\u00a0\u00a0 Elle poursuit un travail d\u2019\u00e9veil de conscience et d\u2019\u00e9ducation holistique depuis 1983.<br \/>\nElle a d\u2019abord \u00e9t\u00e9 form\u00e9e en Counselling, Rebirth, Polarit\u00e9, Massoth\u00e9rapie et Qi Gong \u00e0\u00a0<em>Hartwood College of Healing Arts<\/em>\u00a0en Californie. Elle devient ensuite Co-fondatrice du centre de m\u00e9ditation et croissance\u00a0<em>l\u2019\u00c9veil du Verseau<\/em>\u00a0\u00e0 Rimouski.<br \/>\n\u00a0\u00a0 Elle a fait partie des pionni\u00e8res qui ont ouvert les premi\u00e8res pistes de d\u00e9veloppement personnel au Qu\u00e9bec dans les ann\u00e9es \u201880.<br \/>\n\u00a0\u00a0 Elle a continu\u00e9 sa formation \u00e0 la Villa Volpi en Italie\u00a0: massage psychique et Qi Gong; puis \u00e0 Pune en Inde dans l\u2019ashram d\u2019Osho o\u00f9 elle a v\u00e9cu et travaill\u00e9 pendant plus de dix ans.\u00a0\u00a0\u00a0\u00a0<br \/>\nApr\u00e8s avoir suivi diverses formations \u2013 Qi Gong, Tai Chi, Hara Massage, Retraites Zen, Mouvements sacr\u00e9s de Gurdjieff (un des moteurs de son travail pendant plus de 30 ans), elle s\u2019est activement impliqu\u00e9e au sein de l\u2019<em>Osho Multiversity\u00a0<\/em>o\u00f9 elle a dirig\u00e9 la facult\u00e9\u00a0<em>Centering and Zen martial Arts<\/em>\u00a0(Centration et Arts Martiaux Zen) pendant 5 ans \u2013 une \u00e9cole aux enseignements inspir\u00e9s des traditions zen, soufie, tao\u00efste et de l\u2019approche de la Quatri\u00e8me Voie par les mouvements de Gurdjieff.<br \/>\n\u00a0\u00a0 Son travail est inspir\u00e9 par la rencontre des traditions orientales et des approches psychocorporelles occidentales pour arriver \u00e0 comprendre, d\u00e9ployer et harmoniser le lien entre le corps, le c\u0153ur et l\u2019esprit.<br \/>\nUn travail bas\u00e9 sur l\u2019\u00e9veil de la conscience et la prise de responsabilit\u00e9 personnelle pour que chaque personne puisse d\u00e9velopper son plein potentiel d\u2019\u00eatre humain, en devenant le cr\u00e9ateur \/ la cr\u00e9atrice de sa vie plut\u00f4t que d\u2019en \u00eatre la victime.<\/p>\n<p>\u00a0\u00a0 Chandrakala a travaill\u00e9 dans plusieurs pays\u00a0: Inde, Ta\u00efwan, Su\u00e8de, Gr\u00e8ce, Mexique, France, \u00c9tats-Unis et Canada.<br \/>\n\u00a0\u00a0 Elle est maintenant bas\u00e9e au Qu\u00e9bec o\u00f9 elle continue \u00e0 guider des ateliers pour favoriser l\u2019\u00e9volution de la pr\u00e9sence qui am\u00e8ne \u00e0 la conscience\u00a0:<\/p>\n<ul>\n<li style=\"list-style-type: none;\">\n<ul>\n<li>Retraite Zen Qui Suis-Je? &#8211; Qui est \u00e0 l&rsquo;int\u00e9rieur?<\/li>\n<li>Qi Gong, d\u00e9tente et int\u00e9riorisation<\/li>\n<li>Qi Gong et Feldenkrais<\/li>\n<li>Retraites de M\u00e9ditation<\/li>\n<li>En Qu\u00eate de sens &#8230; pass\u00e9 55 ans<\/li>\n<\/ul>\n<\/li>\n<\/ul>\n<p>&nbsp;<\/p>\n<p><\/p>","protected":false},"excerpt":{"rendered":"<p>Profil CHANDRAKALA \u00a0\u00a0 Elle poursuit un travail d\u2019\u00e9veil de conscience et d\u2019\u00e9ducation holistique depuis 1983. Elle a d\u2019abord \u00e9t\u00e9 form\u00e9e en Counselling, Rebirth, Polarit\u00e9, Massoth\u00e9rapie et Qi Gong \u00e0\u00a0Hartwood College of Healing Arts\u00a0en Californie. Elle devient ensuite Co-fondatrice du centre de m\u00e9ditation et croissance\u00a0l\u2019\u00c9veil du Verseau\u00a0\u00e0 Rimouski. \u00a0\u00a0 Elle a fait partie des pionni\u00e8res qui &hellip; <\/p>\n<p class=\"link-more\"><a href=\"https:\/\/chandra-kala.com\/fr\/profile\/\" class=\"more-link\">Continuer la lecture<span class=\"screen-reader-text\"> de &laquo;&nbsp;Profil&nbsp;&raquo;<\/span><\/a><\/p>\n","protected":false},"author":1,"featured_media":0,"parent":0,"menu_order":0,"comment_status":"closed","ping_status":"closed","template":"","meta":{"footnotes":""},"class_list":["post-130","page","type-page","status-publish","hentry"],"_links":{"self":[{"href":"https:\/\/chandra-kala.com\/fr\/wp-json\/wp\/v2\/pages\/130","targetHints":{"allow":["GET"]}}],"collection":[{"href":"https:\/\/chandra-kala.com\/fr\/wp-json\/wp\/v2\/pages"}],"about":[{"href":"https:\/\/chandra-kala.com\/fr\/wp-json\/wp\/v2\/types\/page"}],"author":[{"embeddable":true,"href":"https:\/\/chandra-kala.com\/fr\/wp-json\/wp\/v2\/users\/1"}],"replies":[{"embeddable":true,"href":"https:\/\/chandra-kala.com\/fr\/wp-json\/wp\/v2\/comments?post=130"}],"version-history":[{"count":10,"href":"https:\/\/chandra-kala.com\/fr\/wp-json\/wp\/v2\/pages\/130\/revisions"}],"predecessor-version":[{"id":179,"href":"https:\/\/chandra-kala.com\/fr\/wp-json\/wp\/v2\/pages\/130\/revisions\/179"}],"wp:attachment":[{"href":"https:\/\/chandra-kala.com\/fr\/wp-json\/wp\/v2\/media?parent=130"}],"curies":[{"name":"wp","href":"https:\/\/api.w.org\/{rel}","templated":true}]}}