{"id":121,"date":"2025-08-13T22:37:20","date_gmt":"2025-08-13T22:37:20","guid":{"rendered":"https:\/\/chandra-kala.com\/?page_id=121"},"modified":"2025-08-15T13:10:55","modified_gmt":"2025-08-15T13:10:55","slug":"the-search-for-meaning-after-55","status":"publish","type":"page","link":"https:\/\/chandra-kala.com\/fr\/the-search-for-meaning-after-55\/","title":{"rendered":"En qu\u00eate de sens pass\u00e9 55 ans"},"content":{"rendered":"<p><\/p>\n<h1><span style=\"color: #993300;\"><strong>En qu\u00eate de sens pass\u00e9 55 ans<\/strong><\/span><\/h1>\n<p><strong>Une retraite pour faire le point et honorer l\u2019\u00e2ge m\u00fbr<\/strong><\/p>\n<p><strong><em>Les jeux sont faits, faites vos jeux!<\/em><\/strong><\/p>\n<p>Les ann\u00e9es passent et vite, mais la vie continue \u00e0 \u00eatre une opportunit\u00e9 pour se r\u00e9aliser\u2026et elle le sera jusqu\u2019au dernier souffle, si on continue \u00e0 \u00eatre engag\u00e9 dans ce qui demeure vivant et inspirant.<\/p>\n<p>Quand on approche du seuil de la vieillesse ou qu\u2019on y est d\u00e9j\u00e0, les points de rep\u00e8re changent bien s\u00fbr.<br \/>\nIls doivent refl\u00e9ter la r\u00e9alit\u00e9 telle qu\u2019elle se pr\u00e9sente maintenant et non pas \u00eatre un d\u00e9guisement pour faire semblant que rien n\u2019a chang\u00e9.<\/p>\n<p>Plusieurs chapitres de vie ont \u00e9t\u00e9 v\u00e9cus : les \u00e9tudes, la carri\u00e8re, la famille, certaines passions r\u00e9alis\u00e9es, des acquis mat\u00e9riels, des projets, etc\u2026<br \/>\naussi diff\u00e9rents types de deuil v\u00e9cus chemin faisant, incluant la perte d\u2019\u00eatres chers.<\/p>\n<p>L\u2019adage le dit bien \u2013<em> la vie n\u2019est pas un long fleuve tranquille.<\/em><\/p>\n<p>Mais quel terreau fertile pour pouvoir continuer \u00e0 \u00e9voluer en trouvant l\u2019appui qu\u2019il faut en soi pour faire face \u00e0 cette grande \u00e9tape et non la moindre, riche de tout ce qui a pr\u00e9c\u00e9d\u00e9.<\/p>\n<p>Inspir\u00e9e de ma propre d\u00e9marche face au d\u00e9fi de vieillir en toute vitalit\u00e9, je propose cette retraite d\u2019int\u00e9riorisation, de r\u00e9flexion, de partage et de silence, de plaisir et de complicit\u00e9, \u00e0 travers diff\u00e9rentes pratiques qui portent vers l\u2019essentiel \u2013 en honorant et respectant nos corps, notre pens\u00e9e et notre c\u0153ur qui ont \u00e9t\u00e9 m\u00fbris par le v\u00e9cu de nos vies.<\/p>\n<p>La r\u00e9alit\u00e9 consciente relative \u00e0 chaque personne peut donner acc\u00e8s \u00e0 un espace de tranquillit\u00e9 profonde puissante qui ouvre sur plus vaste, plus vrai et plus libre.<\/p>\n<p><strong>En qu\u00eate de sens pass\u00e9 55 ans<\/strong><\/p>\n<p>Ce processus d\u2019introspection se veut un support personnel<\/p>\n<ul>\n<li style=\"list-style-type: none;\">\n<ul>\n<li>pour se mettre au clair et mieux se situer \u00e0 cette \u00e9tape charni\u00e8re de la vie<\/li>\n<li>pour saisir le potentiel de sa propre r\u00e9alit\u00e9 telle qu\u2019elle est et trouver un appui en soi, un tremplin, pour pouvoir le r\u00e9aliser.<\/li>\n<\/ul>\n<\/li>\n<\/ul>\n<p>Nous aborderons cette exploration de fond \u00e0 trois niveaux :<\/p>\n<ul>\n<li style=\"list-style-type: none;\">\n<ul>\n<li>Ce qui est derri\u00e8re nous, d\u2019o\u00f9 l\u2019on vient; les exp\u00e9riences marquantes &gt; l e pass\u00e9<\/li>\n<li>La r\u00e9alit\u00e9 actuelle du corps, du coeur et de l\u2019esprit &gt; le pr\u00e9sent<\/li>\n<li>Notre continuation; ce qui inspire et appelle &gt; le devenir.<\/li>\n<\/ul>\n<\/li>\n<\/ul>\n<p>Diff\u00e9rents exercices exp\u00e9rientiels :<\/p>\n<ul>\n<li style=\"list-style-type: none;\">\n<ul>\n<li>pour stimuler la r\u00e9flexion face \u00e0 soi, \u00e0 sa vie, \u00e0 ses proches; et diverses formes de partage et d\u2019introspection&#8230;<\/li>\n<li>pour identifier ce qui soutient et ce qui sabote; ce qui est fini et s\u2019accroche ou ce qui demande \u00e0 grandir\u2026<\/li>\n<li>pour nommer les besoins, les souhaits et les r\u00eaves\u2026<\/li>\n<li>pour \u00eatre vu et entendu; pour regarder et \u00e9couter\u2026<\/li>\n<li>pour discerner entre ce qui a besoin d\u2019\u00eatre rel\u00e2ch\u00e9 et ce qui m\u00e9rite d\u2019\u00eatre port\u00e9\u2026<\/li>\n<\/ul>\n<\/li>\n<\/ul>\n<p>Nous utiliserons le silence et la parole, l\u2019\u00e9criture, la cr\u00e9ativit\u00e9, le mouvement, la communication et l\u2019\u00e9coute, ainsi que des rituels de passage significatifs.<\/p>\n<p><strong>Les journ\u00e9es seront modul\u00e9es en 4 \u00e9tapes :<\/strong><\/p>\n<p>7 h 30 &#8211; 8 h 30 : Qi Gong et m\u00e9ditation<br \/>\n8 h 30\u00a0 D\u00e9jeuner et douche<\/p>\n<p>9 h 45 \u2013 12 h 30 : Session d\u2019avant-midi<br \/>\n12 h 30 \u2013 14 h 30 : Repas et repos<\/p>\n<p>14 h 30 \u2013 18 h : Session d\u2019apr\u00e8s-midi<br \/>\n18 h \u2013 19 h 30 : Souper<\/p>\n<p>19 h 30 \u2013 21 h : Activit\u00e9 de soir\u00e9e ensemble<\/p>\n<p>L\u2019arriv\u00e9e le dimanche le 24 ao\u00fbt &#8211; entre 16 h et 18 h 30<br \/>\nD\u00e9part le jeudi 28 \u00e0 15 h<\/p>\n<p>Tout au long de ce processus, nous explorons notre vie \u00e0 travers la r\u00e9alit\u00e9 du corps qui nous porte, du coeur qui nous inspire, de la pens\u00e9e consciente qui nous \u00e9claire \u2013 des aspects\u00a0 indissociables de notre r\u00e9alit\u00e9.<br \/>\nC\u2019est ouvert \u00e0 tous ceux et celles qui ont le souhait de prendre un temps pour voir plus clair dans l\u00e0 o\u00f9 ils\/elles en sont une fois pass\u00e9 55 ans et du sens que prend leur vie \u00e0 partir de l\u00e0.<br \/>\nEIB n\u2019y a pas beaucoup de support consistant face \u00e0 cette phase de vie, comme s\u2019il fallait la taire ou pr\u00e9tendre qu\u2019on ne vieillit pas. C\u2019est pourtant une \u00e9tape qui porte un grand potentiel, riche de toute l\u2019exp\u00e9rience acquise pour en profiter au mieux.<br \/>\nIl y a donc un \u00e9quilibre dans ce qui est propos\u00e9 tout au long de l\u2019atelier afin de mettre tous nos moyens de r\u00e9flexion en fonction par l\u2019introspection, par l\u2019action en salle et dans la nature, par la cr\u00e9ativit\u00e9, par des exercices d\u2019investigation qui \u00e9clairent notre r\u00e9alit\u00e9 pr\u00e9sente (notre potentiel actuel) et l\u00e0 o\u00f9 nous voulons aller (ce qui nous appelle) et des rituels pour marquer les prises de conscience.<\/p>\n<p>Tout est mis en branle pour inviter et inspirer le sens de sa vie quand on arrive \u00e0 cette \u00e9tape.<\/p>\n<p>&nbsp;<\/p>","protected":false},"excerpt":{"rendered":"<p>En qu\u00eate de sens pass\u00e9 55 ans Une retraite pour faire le point et honorer l\u2019\u00e2ge m\u00fbr Les jeux sont faits, faites vos jeux! Les ann\u00e9es passent et vite, mais la vie continue \u00e0 \u00eatre une opportunit\u00e9 pour se r\u00e9aliser\u2026et elle le sera jusqu\u2019au dernier souffle, si on continue \u00e0 \u00eatre engag\u00e9 dans ce qui &hellip; <\/p>\n<p class=\"link-more\"><a href=\"https:\/\/chandra-kala.com\/fr\/the-search-for-meaning-after-55\/\" class=\"more-link\">Continuer la lecture<span class=\"screen-reader-text\"> de &laquo;&nbsp;En qu\u00eate de sens pass\u00e9 55 ans&nbsp;&raquo;<\/span><\/a><\/p>\n","protected":false},"author":1,"featured_media":0,"parent":0,"menu_order":0,"comment_status":"closed","ping_status":"closed","template":"","meta":{"footnotes":""},"class_list":["post-121","page","type-page","status-publish","hentry"],"_links":{"self":[{"href":"https:\/\/chandra-kala.com\/fr\/wp-json\/wp\/v2\/pages\/121","targetHints":{"allow":["GET"]}}],"collection":[{"href":"https:\/\/chandra-kala.com\/fr\/wp-json\/wp\/v2\/pages"}],"about":[{"href":"https:\/\/chandra-kala.com\/fr\/wp-json\/wp\/v2\/types\/page"}],"author":[{"embeddable":true,"href":"https:\/\/chandra-kala.com\/fr\/wp-json\/wp\/v2\/users\/1"}],"replies":[{"embeddable":true,"href":"https:\/\/chandra-kala.com\/fr\/wp-json\/wp\/v2\/comments?post=121"}],"version-history":[{"count":3,"href":"https:\/\/chandra-kala.com\/fr\/wp-json\/wp\/v2\/pages\/121\/revisions"}],"predecessor-version":[{"id":142,"href":"https:\/\/chandra-kala.com\/fr\/wp-json\/wp\/v2\/pages\/121\/revisions\/142"}],"wp:attachment":[{"href":"https:\/\/chandra-kala.com\/fr\/wp-json\/wp\/v2\/media?parent=121"}],"curies":[{"name":"wp","href":"https:\/\/api.w.org\/{rel}","templated":true}]}}