{"id":104,"date":"2025-08-13T14:32:01","date_gmt":"2025-08-13T14:32:01","guid":{"rendered":"https:\/\/chandra-kala.com\/?page_id=104"},"modified":"2025-08-13T14:36:52","modified_gmt":"2025-08-13T14:36:52","slug":"zen-satori-retreat","status":"publish","type":"page","link":"https:\/\/chandra-kala.com\/fr\/zen-satori-retreat\/","title":{"rendered":"Retraite Zen Satori"},"content":{"rendered":"<p><\/p>\n<h1><span style=\"color: #993300;\"><strong>Retraite Zen SATORI \u2013 Qui Suis-Je? \u2013 Qui est \u00e0 l\u2019int\u00e9rieur?<\/strong><\/span><\/h1>\n<h3><span style=\"color: #993300;\"><strong>Bas\u00e9 sur une pratique active de <em>koans de vie<\/em><\/strong><\/span><\/h3>\n<p><em>\u00ab\u00a0Ne priez pas pour \u00eatre gu\u00e9ris et ne regardez pas pour l\u00b4\u00e9vidence d\u2019un \u2018autre monde\u2019.<br \/>\n<\/em><em>\u00a0 Vous \u00eates l\u2019\u00e2me et le rem\u00e8de pour ce qui blesse votre \u00e2me.\u2019\u00a0\u00a0\u00a0\u00a0\u00a0\u00a0\u00a0\u00a0\u00a0 <\/em>Rumi<\/p>\n<p>Un moment d\u2019introspection port\u00e9 par une structure de type monacal afin de se retrouver soi-m\u00eame, se rassembler int\u00e9rieurement et faire le point dans sa vie.<br \/>\nPendant quelques jours, tout est mis de c\u00f4t\u00e9 \u2013 un repos de l\u2019activit\u00e9 quotidienne, du travail, du monde virtuel et des occupations qui nous am\u00e8nent dans toutes les directions.<\/p>\n<p>Tout est mis \u00e0 profit pour d\u00e9velopper pr\u00e9sence et conscience \u00e0 travers une pratique active pour r\u00e9aliser des <em>Koans de vie<\/em> tels que\u00a0: <em>Qui suis-Je?\u00a0 Qui est \u00e0 l\u2019int\u00e9rieur? Ce qu\u2019est la Vie? Ce qu\u2019est un Autre? Ce qu\u2019est l\u2019Amour? Ce qu\u2019est la Libert\u00e9? Ce qu\u2019est la V\u00e9rit\u00e9? Ce qu\u2019est la Confiance? Etc.\u00a0 <\/em>Et trouver le chemin pour y acc\u00e9der.<br \/>\nCe processus ouvre le regard \u00e0 tous les niveaux pour nous rapprocher de la r\u00e9alit\u00e9 essentielle de notre existence, notre v\u00e9rit\u00e9 et notre droit d\u2019\u00eatre qui nous sommes \u2013 personnalit\u00e9 et \u00catre unifi\u00e9s.<br \/>\nAu fur et \u00e0 mesure que nous \u00e9pluchons l\u2019oignon des multiples couches du personnage que nous avons endoss\u00e9 \u00e0 travers les croyances, opinions, m\u00e9moires, conditionnements, peurs, blessures, d\u00e9fenses, illusions que nous portons et auxquelles nous sommes habituellement identifi\u00e9s, nous pouvons arriver \u00e0 trouver une assise int\u00e9rieure qui permet de se d\u00e9tendre face \u00e0 notre condition humaine.<\/p>\n<h3><strong><span style=\"color: #993300;\">Une m\u00e9thode simple et directe<\/span> <\/strong><\/h3>\n<p>Elle nous vient de la tradition Zen. Le psychologue Charles Berner a \u00e9t\u00e9 le premier \u00e0 amener cette pratique traditionnelle dans une structure de groupe, en Californie dans les ann\u00e9es \u201860.<br \/>\nLe ma\u00eetre Indien Osho a \u00e9galement hautement contribu\u00e9 \u00e0 l\u2019\u00e9volution de ce processus.<br \/>\nCette m\u00e9thode unique en soi qui n\u2019a cess\u00e9 d\u2019\u00e9voluer a maintenant prouv\u00e9 son efficacit\u00e9; elle est pratiqu\u00e9e dans plusieurs pays du monde depuis des d\u00e9cennies.<\/p>\n<h3><span style=\"color: #993300;\"><strong>La structure<\/strong><\/span><\/h3>\n<p>Une journ\u00e9e de retraite Satori commence t\u00f4t pour profiter de l\u2019\u00e9nergie montante du matin et elle se poursuit jusqu\u2019en soir\u00e9e, ponctu\u00e9e par les pratiques des koans, des p\u00e9riodes de m\u00e9ditations et de Qi Gong, des lectures inspirantes et r\u00e9flexions, des moments de repos et beaucoup de silence.<br \/>\nLa nourriture, le lieu, l\u2019ambiance, l\u2019\u00e9quipe de soutien, tout est mis \u00e0 l\u2019\u0153uvre pour faciliter et maximiser la d\u00e9marche.<\/p>\n<h3><span style=\"color: #993300;\"><strong>Pas d\u2019analyse, pas d\u2019interpr\u00e9tation, pas d\u2019interf\u00e9rence<\/strong><\/span><\/h3>\n<p>C\u2019est la mise \u00e0 jour et la mise au point de chacun pour soi.<br \/>\nLe voyage est fascinant, surprenant par moment, et r\u00e9conciliant tout compte fait.<\/p>\n<p><em>\u00ab\u00a0Si tu ne sais pas vraiment qui tu es, regarde et tu trouveras. <\/em><\/p>\n<p><em>Regarde, regarde, regarde, continue simplement \u00e0 regarder.<\/em>\u00a0\u00bb\u00a0\u00a0\u00a0\u00a0\u00a0\u00a0 Dogen<\/p>\n<p>Des rencontres individuelles sont offertes tout au long du processus comme support personnel pour chaque participant.e.<br \/>\nIl ne s\u2019agit pas de th\u00e9rapie mais d\u2019un moment de partage et de reflet pour aider \u00e0 garder la direction, pour bien comprendre comment se servir de la m\u00e9thode et pour t\u00e9moigner des r\u00e9alisations exp\u00e9riment\u00e9es par chacun.e au cours de son processus.<\/p>\n<p>Dans le langage de la tradition Zen, le <em>koan<\/em> signifie un questionnement qui n\u2019a pas de r\u00e9ponse finale mais plut\u00f4t une possibilit\u00e9 de r\u00e9alisations \u00e0 l\u2019infini. Il est comme le fil d\u2019Ariane qui conduit \u00e0 travers le labyrinthe de notre existence \u2013 corps, coeur et esprit.<br \/>\nLe <em>Satori<\/em> est un moment de pleine r\u00e9alisation, d\u2019unit\u00e9, de clart\u00e9\u2026 un instant de gr\u00e2ce qui ouvre un espace inalt\u00e9rable en nous \u2013 un moment d\u2019unit\u00e9.<br \/>\nC\u2019est quelque chose qui ne s\u2019oublie pas.<br \/>\nMais cela ne peut pas \u00eatre forc\u00e9; \u00e7a peut seulement \u00eatre invit\u00e9 en cultivant l\u2019\u00e9tat de pr\u00e9sence qui m\u00e8ne \u00e0 la conscience. Ce grand Voyage qui m\u00e8ne \u00e0 soi\u2026<\/p>\n<p><em>\u00ab\u00a0Nous ne sommes pas des \u00eatres humains en train de vivre une exp\u00e9rience spirituelle.<br \/>\n<\/em><em>Nous sommes des \u00eatres spirituels en train de vivre une exp\u00e9rience humaine\u00a0\u00bb <\/em><\/p>\n<p><em>\u00a0\u00a0\u00a0\u00a0\u00a0\u00a0\u00a0\u00a0\u00a0\u00a0\u00a0\u00a0\u00a0\u00a0\u00a0\u00a0\u00a0\u00a0\u00a0\u00a0\u00a0\u00a0\u00a0\u00a0\u00a0\u00a0\u00a0\u00a0\u00a0\u00a0\u00a0\u00a0\u00a0\u00a0\u00a0\u00a0\u00a0\u00a0\u00a0\u00a0\u00a0\u00a0\u00a0\u00a0\u00a0\u00a0\u00a0\u00a0\u00a0\u00a0\u00a0\u00a0\u00a0\u00a0\u00a0\u00a0\u00a0\u00a0\u00a0\u00a0\u00a0\u00a0\u00a0\u00a0\u00a0\u00a0\u00a0\u00a0\u00a0\u00a0\u00a0\u00a0\u00a0\u00a0\u00a0\u00a0\u00a0\u00a0\u00a0\u00a0\u00a0\u00a0\u00a0\u00a0\u00a0\u00a0\u00a0\u00a0\u00a0\u00a0\u00a0\u00a0\u00a0\u00a0\u00a0\u00a0\u00a0\u00a0\u00a0\u00a0\u00a0\u00a0\u00a0\u00a0\u00a0\u00a0\u00a0\u00a0 <\/em>Pierre Teilhard de Chardin<\/p>\n<h3><span style=\"color: #993300;\"><strong><em>Regarde, regarde\u2026 regarde!<\/em><\/strong><\/span><\/h3>\n<p>Si quelqu\u2019un projette une lumi\u00e8re sur mon corps, il va para\u00eetre dans tous ses d\u00e9tails &#8211; tout deviendra visible et familier.<br \/>\nSi je projette la lumi\u00e8re de ma conscience sur ma personnalit\u00e9 et ses fa\u00e7ons de penser, de sentir et de ressentir &#8211; ses associations, ses croyances, ses habitudes de comportement, ses doutes, ses peurs, ses certitudes, ses fa\u00e7ons de r\u00e9pondre ou de r\u00e9agir aux gens et aux circonstances de la vie\u2026 je vais pouvoir saisir et comprendre tous les aspects de mon humanit\u00e9, mieux en comprendre les modes de fonctionnement, les reconna\u00eetre quand ils entrent en fonction et ainsi avoir une perspective qui donne plus de libert\u00e9.<br \/>\nEn prenant conscience de tous ces aspects de ma personnalit\u00e9, je suis li\u00e9 \u00e0 mon \u00eatre car c\u2019est de l\u00e0 qu\u2019\u00e9merge la conscience de ce qui est.<br \/>\nQui se rend compte de la col\u00e8re, de la frustration, du doute, etc.?<br \/>\nQui r\u00e9alise ce qui se manifeste?<br \/>\nLa pr\u00e9sence permet l\u2019\u00e9mergence de la conscience.<br \/>\nLa conscience permet la r\u00e9alisation de ce qui se manifeste..<br \/>\nUn pont se cr\u00e9e entre la superficie (personnalit\u00e9) et la profondeur (l\u2019\u00eatre), entre le visible et l\u2019invisible &#8211; la forme (l\u2019exp\u00e9rience) et le vide (l\u2019essence)<br \/>\nC\u2019est la r\u00e9alisation d\u2019\u00catre qui ne d\u00e9pend d\u2019aucune forme<\/p>\n<p>\u00ab <em>C\u2019est une erreur fondamentale de croire qu\u2019il faille changer la r\u00e9alit\u00e9 pour atteindre le bonheur ou pour le r\u00e9aliser.<br \/>\n<\/em><em>On a souvent la croyance que de se r\u00e9aliser c\u2019est de ne plus \u00eatre dans l\u2019exp\u00e9rience \u2018ordinaire\u2019 de la vie.<br \/>\n<\/em><em>C\u2019est justement l\u00e0 la douleur: le dualisme, la tension, la s\u00e9paration, l\u2019identification, l\u2019attachement au concept \u2013 r\u00eave, id\u00e9al du petit \u2018je\u2019<br \/>\n<\/em><em>\u2013<\/em> <em>ce que je voudrais \u00eatre, ce que je crois que je devrais \u00eatre pour \u00eatre aim\u00e9, pour \u00eatre en s\u00e9curit\u00e9, pour avoir le droit d\u2019exister.<br \/>\n<\/em><em>La r\u00e9alit\u00e9 superficielle devient une prison au niveau de l\u2019esprit \u00e9troit parce qu\u2019il juge, rejette, s\u2019identifie, divise, fragmente.<br \/>\n<\/em><em>La libert\u00e9 ou la lib\u00e9ration ne peut exister que dans la conscience des polarit\u00e9s pr\u00e9sentes dans tout ph\u00e9nom\u00e8ne.<br \/>\n<\/em><em>L\u2019esprit Zen c\u2019est l\u2019esprit vaste, l\u2019esprit neuf \u2013 l\u2019esprit du grand Soi.<br \/>\n<\/em><em>\u2018Ne vous attachez pas aux noms ni aux formes.<br \/>\n<\/em><em>Du rouge appara\u00eet, le miroir est rouge.<br \/>\n<\/em><em>Du jaune appara\u00eet, le miroir est jaune\u2019.\u00bb\u00a0 \u00a0 \u00a0 \u00a0 \u00a0 \u00a0 \u00a0 \u00a0 \u00a0 \u00a0 \u00a0 \u00a0 \u00a0 \u00a0 \u00a0 \u00a0 \u00a0 \u00a0 \u00a0 \u00a0 \u00a0 \u00a0Shunryu Suzuki<\/em><\/p>","protected":false},"excerpt":{"rendered":"<p>Retraite Zen SATORI \u2013 Qui Suis-Je? \u2013 Qui est \u00e0 l\u2019int\u00e9rieur? Bas\u00e9 sur une pratique active de koans de vie \u00ab\u00a0Ne priez pas pour \u00eatre gu\u00e9ris et ne regardez pas pour l\u00b4\u00e9vidence d\u2019un \u2018autre monde\u2019. \u00a0 Vous \u00eates l\u2019\u00e2me et le rem\u00e8de pour ce qui blesse votre \u00e2me.\u2019\u00a0\u00a0\u00a0\u00a0\u00a0\u00a0\u00a0\u00a0\u00a0 Rumi Un moment d\u2019introspection port\u00e9 par une &hellip; <\/p>\n<p class=\"link-more\"><a href=\"https:\/\/chandra-kala.com\/fr\/zen-satori-retreat\/\" class=\"more-link\">Continuer la lecture<span class=\"screen-reader-text\"> de &laquo;&nbsp;Retraite Zen Satori&nbsp;&raquo;<\/span><\/a><\/p>\n","protected":false},"author":1,"featured_media":0,"parent":0,"menu_order":0,"comment_status":"closed","ping_status":"closed","template":"","meta":{"footnotes":""},"class_list":["post-104","page","type-page","status-publish","hentry"],"_links":{"self":[{"href":"https:\/\/chandra-kala.com\/fr\/wp-json\/wp\/v2\/pages\/104","targetHints":{"allow":["GET"]}}],"collection":[{"href":"https:\/\/chandra-kala.com\/fr\/wp-json\/wp\/v2\/pages"}],"about":[{"href":"https:\/\/chandra-kala.com\/fr\/wp-json\/wp\/v2\/types\/page"}],"author":[{"embeddable":true,"href":"https:\/\/chandra-kala.com\/fr\/wp-json\/wp\/v2\/users\/1"}],"replies":[{"embeddable":true,"href":"https:\/\/chandra-kala.com\/fr\/wp-json\/wp\/v2\/comments?post=104"}],"version-history":[{"count":3,"href":"https:\/\/chandra-kala.com\/fr\/wp-json\/wp\/v2\/pages\/104\/revisions"}],"predecessor-version":[{"id":110,"href":"https:\/\/chandra-kala.com\/fr\/wp-json\/wp\/v2\/pages\/104\/revisions\/110"}],"wp:attachment":[{"href":"https:\/\/chandra-kala.com\/fr\/wp-json\/wp\/v2\/media?parent=104"}],"curies":[{"name":"wp","href":"https:\/\/api.w.org\/{rel}","templated":true}]}}